{"id":304,"date":"2019-10-20T13:39:13","date_gmt":"2019-10-20T13:39:13","guid":{"rendered":"http:\/\/www.pha-se.it\/?page_id=304"},"modified":"2019-10-20T13:39:13","modified_gmt":"2019-10-20T13:39:13","slug":"privacy-policy","status":"publish","type":"page","link":"https:\/\/www.pha-se.it\/en\/privacy-policy\/","title":{"rendered":"Privacy Policy"},"content":{"rendered":"<div class=\"wpb-content-wrapper\"><p>[vc_row css_animation=&#8221;&#8221; row_type=&#8221;row&#8221; use_row_as_full_screen_section=&#8221;no&#8221; type=&#8221;full_width&#8221; angled_section=&#8221;no&#8221; text_align=&#8221;left&#8221; background_image_as_pattern=&#8221;without_pattern&#8221; css=&#8221;.vc_custom_1569340947688{padding-right: 5% !important;padding-left: 5% !important;}&#8221; z_index=&#8221;&#8221;][vc_column][vc_column_text]<\/p>\n<h1 class=\"special-h-tag\">Privacy Policy<\/h1>\n<p><strong>Informativa ai sensi dell\u2019art. 13 del D.Lgs. n. 196\/2003 (Codice in materia di protezione dei dati personali) e del Regolamento UE 2016\/679 (GDPR \u2013 General Data Protection Regulation).<\/strong>\u00a0PHA.SE. s.r.l., desidera informare gli interessati oggetto del trattamento, che i dati personali riferiti o riferibili all\u2019interessato, sono trattati dalla scrivente Societ\u00e0 nel pieno rispetto della normativa vigente sul trattamento del dato e degli obblighi di riservatezza che da sempre ci ispirano. Per \u201cTrattamento di dati personali\u201d si intende qualunque operazione o complesso di operazioni, effettuati anche senza l\u2019ausilio di strumenti elettronici, concernenti la raccolta, la registrazione, l\u2019organizzazione, la conservazione, la consultazione, l\u2019elaborazione, la modificazione, la selezione, l\u2019estrazione, il raffronto, l\u2019utilizzo, l\u2019interconnessione, il blocco, la comunicazione, la diffusione, la cancellazione e la distruzione di dati, anche se non registrati in una banca di dati.<\/p>\n<p>Ai sensi dell\u2019art.13 del D.Lgs 196\/2003 e dell\u2019art.13 del GDPR, in relazione ai dati personali che trattiamo in seguito all\u2019instaurazione dei reciproci rapporti contrattuali e lavorativi, rendiamo note le informazioni di seguito riportate.<\/p>\n<p>Il Titolare del Trattamento\u201d ad ogni effetto di legge \u00e8 PHA.SE s.r.l. con sede legale in via Bernina 41 \u2013 Milano.\u00a0I dati personali vengono raccolti sempre presso l\u2019interessato e possono riguardare anche nominativi aziendali di contatto forniti dalle aziende con le quali la scrivente Societ\u00e0 ha rapporti contrattuali\/commerciali.<\/p>\n<p>I dati personali dell\u2019interessato vengono trattati (finalit\u00e0 del trattamento) in relazione alle esigenze contrattuali ed ai conseguenti adempimenti degli obblighi legali e fiscali, nonch\u00e9 per consentire una efficace gestione dei rapporti finanziari e commerciali; tale trattamento avverr\u00e0 per tutta la durata del rapporto contrattuale ed anche successivamente, per l\u2019espletamento di obblighi di legge e per finalit\u00e0 amministrative e commerciali. Il conferimento dei dati personali \u00e8 obbligatorio per poter assolvere alla finalit\u00e0 indicata.\u00a0Nell\u2019ambito della finalit\u00e0 per cui i dati personali vengono raccolti, le societ\u00e0 effettua il trattamento di detti dati secondo i principi di correttezza, liceit\u00e0, trasparenza e di tutela della riservatezza dei diritti dell\u2019interessato.<\/p>\n<p>Il trattamento dei dati avviene mediante l\u2019utilizzo di strumenti e procedure idonei a garantirne la sicurezza e la riservatezza e potr\u00e0 essere effettuato sia mediante supporti cartacei, sia attraverso l\u2019ausilio di strumenti elettronici.<\/p>\n<p>I dati personali non verranno in alcun modo diffusi, mentre potranno essere da noi comunicati ai soggetti incaricati, opportunamente nominati, del loro trattamento all\u2019interno dei nostri uffici; inoltre essi potranno essere comunicati a soggetti che hanno necessit\u00e0 di accedere a tali dati per finalit\u00e0 ausiliarie al rapporto che intercorre tra la nostra Societ\u00e0 e l\u2019interessato, nei limiti strettamente necessari per svolgere i compiti ausiliari loro affidati, come ad esempio: gli istituti di credito, studio di consulenza amministrativa (commercialista).\u00a0Il conferimento dei dati personali \u00e8 obbligatorio al fine di adempiere agli obblighi contrattuali; l\u2019eventuale rifiuto di fornire tali dati potrebbe comportare la mancata o parziale realizzazione dell\u2019oggetto contrattuale.\u00a0Il trattamento viene effettuato con l\u2019impiego delle misure di sicurezza adeguate a ridurre al minimo il rischio di accesso ai dati non autorizzato da parte di terzi, la loro distruzione e\/o deterioramento, e a garantire la riservatezza, ai sensi dell\u2019art. 32 del GDPR.<\/p>\n<p>Categorie particolari di dati personali. In occasione dell\u2019invio di curriculum, ai sensi degli artt. 26 e 27 del Codice Privacy e degli artt. 9 e 10 GDPR 2016\/679, l\u2019interessato potrebbe conferire volontariamente, alla scrivente Societ\u00e0, dati qualificabili come \u201ccategorie particolari di dati personali\u201d (ovvero quei dati che rivelano \u201cl\u2019origine razziale o etnica, le opinioni politiche, le convinzioni religiose o filosofiche, o l\u2019appartenenza sindacale\u2026dati genetici, dati biometrici intesi a identificare in modo univoco una persona fisica, dati relativi alla salute o alla vita sessuale o all\u2019orientamento sessuale della persona\u201d). Tale categoria di dati potr\u00e0 essere trattata dalla scrivente Societ\u00e0 solo previo consenso dell\u2019interessato, manifestato in forma scritta.<\/p>\n<p>Il soggetto interessato al trattamento, potr\u00e0 esercitare in qualunque momento i diritti di cui all\u2019art. 7 \u201cDiritto di accesso ai dati personali ed altri diritti\u201d del Codice in materia di protezione dei dati personali, il cui contenuto si riporta di seguito integralmente:<\/p>\n<p><strong>1.<\/strong>\u00a0L\u2019interessato ha diritto di ottenere la conferma dell\u2019esistenza o meno di dati personali che lo riguardano, anche se non ancora registrati, e la loro comunicazione in forma intelligibile.<\/p>\n<p><strong>2.<\/strong>\u00a0L\u2019interessato ha diritto di ottenere l\u2019indicazione:<\/p>\n<ol>\n<li>dell\u2019origine dei dati personali;<\/li>\n<li>delle finalit\u00e0 e modalit\u00e0 del trattamento;<\/li>\n<li>della logica applicata in caso di trattamento effettuato con l\u2019ausilio di strumenti elettronici;<\/li>\n<li>degli estremi identificativi del titolare, dei responsabili e del rappresentante designato ai sensi dell\u2019articolo 5, comma 2;<\/li>\n<li>dei soggetti o delle categorie di soggetti ai quali i dati personali possono essere comunicati o che possono venirne a conoscenza in qualit\u00e0 di rappresentante designato nel territorio dello Stato, di responsabili o incaricati.<\/li>\n<\/ol>\n<p><strong>3.<\/strong>\u00a0L\u2019interessato ha diritto di ottenere:<\/p>\n<ol>\n<li>l\u2019aggiornamento, la rettificazione ovvero, quando vi ha interesse, l\u2019integrazione dei dati;<\/li>\n<li>la cancellazione, la trasformazione in forma anonima o il blocco dei dati trattati in violazione di legge, compresi quelli di cui non \u00e8 necessaria la conservazione in relazione agli scopi per i quali i dati sono stati raccolti o successivamente trattati;<\/li>\n<li>l\u2019attestazione che le operazioni di cui alle lettere a) e b) sono state portate a conoscenza, anche per quanto riguarda il loro contenuto, di coloro ai quali i dati sono stati comunicati o diffusi, eccettuato il caso in cui tale adempimento si rivela impossibile o comporta un impiego di mezzi manifestamente sproporzionato rispetto al diritto tutelato.<\/li>\n<\/ol>\n<p><strong>4.<\/strong>\u00a0L\u2019interessato ha diritto di opporsi, in tutto o in parte:<\/p>\n<ul>\n<li>per motivi legittimi al trattamento dei dati personali che lo riguardano, ancorch\u00e9 pertinenti allo scopo della raccolta;<\/li>\n<li>al trattamento di dati personali che lo riguardano a fini di invio di materiale pubblicitario o di vendita diretta o per il compimento di ricerche di mercato o di comunicazione commerciale\u201d.<\/li>\n<\/ul>\n<p>Inoltre, ai sensi del GDPR, segnaliamo che l\u2019interessato potr\u00e0 esercitare nei confronti della scrivente Societ\u00e0 i seguenti diritti:<\/p>\n<ol>\n<li>Ottenere la conferma che sia o meno in corso un trattamento di dati personali che la riguardano e, in tal caso, di ottenere l\u2019accesso ai dati personali e a tutte le informazioni previste dell\u2019art. 15 del GDPR;<\/li>\n<li>Ottenere la rettifica dei dati personali inesatti che la riguardano senza ingiustificato ritardo. Tenuto conto delle finalit\u00e0 del trattamento lei ha il diritto di ottenere l\u2019integrazione dei dati personali incompleti, anche fornendo una dichiarazione integrativa<\/li>\n<li>Ottenere la cancellazione dei dati personali che la riguardano senza ingiustificato ritardo;<\/li>\n<li>Ottenere la limitazione del trattamento quando ricorra una delle ipotesi previste dall\u2019art. 18 del GDPR;<\/li>\n<li>Ricevere in un formato strutturato, di uso comune e leggibile da dispositivo automatico, i dati personali che riguardano l\u2019interessato forniti alla scrivente Societ\u00e0;<\/li>\n<li>Opporsi in qualsiasi momento, per motivi connessi alla sua situazione particolare, al trattamento dei dati personali che la riguardano ai sensi dell\u2019articolo 6, paragrafo 1, lettere e) o f) del GDPR. In questo caso la societ\u00e0 si asterr\u00e0 dal trattare ulteriormente i dati personali salvo l\u2019esistenza di motivi legittimi cogenti per procedere al trattamento che prevalgono sugli interessi, sui diritti e sulle libert\u00e0 dell\u2019interessato oppure per l\u2019accertamento, l\u2019esercizio o la difesa di un diritto in sede giudiziaria;<\/li>\n<li>Non essere sottoposto a una decisione basata unicamente sul trattamento automatizzato, che produca effetti giuridici che la riguardano o che incida in modo analogo significativamente sulla sua persona. Questo diritto non si applica nei casi disciplinati dall\u2019art. 22, paragrafo 2 del GDPR;<\/li>\n<li>Rivolgersi all\u2019Autorit\u00e0 di controllo per reclamare nel caso ritenga che i suoi dati siano stati trattati in modo illegittimo.<\/li>\n<\/ol>\n<p>[\/vc_column_text][\/vc_column][\/vc_row][vc_row css_animation=&#8221;&#8221; row_type=&#8221;row&#8221; use_row_as_full_screen_section=&#8221;no&#8221; type=&#8221;full_width&#8221; angled_section=&#8221;no&#8221; text_align=&#8221;left&#8221; background_image_as_pattern=&#8221;without_pattern&#8221;][vc_column][vc_empty_space height=&#8221;52px&#8221;][\/vc_column][\/vc_row]<\/p>\n<\/div>","protected":false},"excerpt":{"rendered":"<p>[vc_row css_animation=&#8221;&#8221; row_type=&#8221;row&#8221; use_row_as_full_screen_section=&#8221;no&#8221; type=&#8221;full_width&#8221; angled_section=&#8221;no&#8221; text_align=&#8221;left&#8221; background_image_as_pattern=&#8221;without_pattern&#8221; css=&#8221;.vc_custom_1569340947688{padding-right: 5% !important;padding-left: 5% !important;}&#8221; z_index=&#8221;&#8221;][vc_column][vc_column_text] Privacy Policy Informativa ai sensi dell\u2019art. 13 del D.Lgs. n. 196\/2003 (Codice in materia di protezione dei dati personali) e del Regolamento UE 2016\/679 (GDPR \u2013 General Data Protection Regulation).\u00a0PHA.SE. s.r.l.,&#8230;<\/p>\n","protected":false},"author":1,"featured_media":0,"parent":0,"menu_order":0,"comment_status":"closed","ping_status":"open","template":"","meta":{"footnotes":""},"class_list":["post-304","page","type-page","status-publish","hentry"],"yoast_head":"<!-- This site is optimized with the Yoast SEO plugin v27.0 - https:\/\/yoast.com\/product\/yoast-seo-wordpress\/ -->\n<title>Privacy Policy - Phase<\/title>\n<meta name=\"robots\" content=\"index, follow, max-snippet:-1, max-image-preview:large, max-video-preview:-1\" \/>\n<link rel=\"canonical\" href=\"https:\/\/www.pha-se.it\/en\/privacy-policy\/\" \/>\n<meta property=\"og:locale\" content=\"en_US\" \/>\n<meta property=\"og:type\" content=\"article\" \/>\n<meta property=\"og:title\" content=\"Privacy Policy - Phase\" \/>\n<meta property=\"og:description\" content=\"[vc_row css_animation=&#8221;&#8221; row_type=&#8221;row&#8221; use_row_as_full_screen_section=&#8221;no&#8221; type=&#8221;full_width&#8221; angled_section=&#8221;no&#8221; text_align=&#8221;left&#8221; background_image_as_pattern=&#8221;without_pattern&#8221; css=&#8221;.vc_custom_1569340947688{padding-right: 5% !important;padding-left: 5% !important;}&#8221; z_index=&#8221;&#8221;][vc_column][vc_column_text] Privacy Policy Informativa ai sensi dell\u2019art. 13 del D.Lgs. n. 196\/2003 (Codice in materia di protezione dei dati personali) e del Regolamento UE 2016\/679 (GDPR \u2013 General Data Protection Regulation).\u00a0PHA.SE. s.r.l.,...\" \/>\n<meta property=\"og:url\" content=\"https:\/\/www.pha-se.it\/en\/privacy-policy\/\" \/>\n<meta property=\"og:site_name\" content=\"Phase\" \/>\n<meta property=\"og:image\" content=\"https:\/\/www.pha-se.it\/wp-content\/uploads\/2019\/09\/services-cover-e1570270324847.jpg\" \/>\n\t<meta property=\"og:image:width\" content=\"822\" \/>\n\t<meta property=\"og:image:height\" content=\"600\" \/>\n\t<meta property=\"og:image:type\" content=\"image\/jpeg\" \/>\n<meta name=\"twitter:card\" content=\"summary_large_image\" \/>\n<script type=\"application\/ld+json\" class=\"yoast-schema-graph\">{\"@context\":\"https:\/\/schema.org\",\"@graph\":[{\"@type\":\"WebPage\",\"@id\":\"https:\/\/www.pha-se.it\/en\/privacy-policy\/\",\"url\":\"https:\/\/www.pha-se.it\/en\/privacy-policy\/\",\"name\":\"Privacy Policy - Phase\",\"isPartOf\":{\"@id\":\"https:\/\/www.pha-se.it\/#website\"},\"datePublished\":\"2019-10-20T13:39:13+00:00\",\"breadcrumb\":{\"@id\":\"https:\/\/www.pha-se.it\/en\/privacy-policy\/#breadcrumb\"},\"inLanguage\":\"en-US\",\"potentialAction\":[{\"@type\":\"ReadAction\",\"target\":[\"https:\/\/www.pha-se.it\/en\/privacy-policy\/\"]}]},{\"@type\":\"BreadcrumbList\",\"@id\":\"https:\/\/www.pha-se.it\/en\/privacy-policy\/#breadcrumb\",\"itemListElement\":[{\"@type\":\"ListItem\",\"position\":1,\"name\":\"Home\",\"item\":\"https:\/\/www.pha-se.it\/en\/\"},{\"@type\":\"ListItem\",\"position\":2,\"name\":\"Privacy Policy\"}]},{\"@type\":\"WebSite\",\"@id\":\"https:\/\/www.pha-se.it\/#website\",\"url\":\"https:\/\/www.pha-se.it\/\",\"name\":\"Phase\",\"description\":\"Compliance &amp; Engineering Services\",\"publisher\":{\"@id\":\"https:\/\/www.pha-se.it\/#organization\"},\"alternateName\":\"Pha-se\",\"potentialAction\":[{\"@type\":\"SearchAction\",\"target\":{\"@type\":\"EntryPoint\",\"urlTemplate\":\"https:\/\/www.pha-se.it\/?s={search_term_string}\"},\"query-input\":{\"@type\":\"PropertyValueSpecification\",\"valueRequired\":true,\"valueName\":\"search_term_string\"}}],\"inLanguage\":\"en-US\"},{\"@type\":\"Organization\",\"@id\":\"https:\/\/www.pha-se.it\/#organization\",\"name\":\"Pha-se\",\"url\":\"https:\/\/www.pha-se.it\/\",\"logo\":{\"@type\":\"ImageObject\",\"inLanguage\":\"en-US\",\"@id\":\"https:\/\/www.pha-se.it\/#\/schema\/logo\/image\/\",\"url\":\"https:\/\/www.pha-se.it\/wp-content\/uploads\/2024\/02\/logo-phase.png\",\"contentUrl\":\"https:\/\/www.pha-se.it\/wp-content\/uploads\/2024\/02\/logo-phase.png\",\"width\":482,\"height\":240,\"caption\":\"Pha-se\"},\"image\":{\"@id\":\"https:\/\/www.pha-se.it\/#\/schema\/logo\/image\/\"},\"sameAs\":[\"https:\/\/www.linkedin.com\/company\/pha-se\/\"]}]}<\/script>\n<!-- \/ Yoast SEO plugin. -->","yoast_head_json":{"title":"Privacy Policy - Phase","robots":{"index":"index","follow":"follow","max-snippet":"max-snippet:-1","max-image-preview":"max-image-preview:large","max-video-preview":"max-video-preview:-1"},"canonical":"https:\/\/www.pha-se.it\/en\/privacy-policy\/","og_locale":"en_US","og_type":"article","og_title":"Privacy Policy - Phase","og_description":"[vc_row css_animation=&#8221;&#8221; row_type=&#8221;row&#8221; use_row_as_full_screen_section=&#8221;no&#8221; type=&#8221;full_width&#8221; angled_section=&#8221;no&#8221; text_align=&#8221;left&#8221; background_image_as_pattern=&#8221;without_pattern&#8221; css=&#8221;.vc_custom_1569340947688{padding-right: 5% !important;padding-left: 5% !important;}&#8221; z_index=&#8221;&#8221;][vc_column][vc_column_text] Privacy Policy Informativa ai sensi dell\u2019art. 13 del D.Lgs. n. 196\/2003 (Codice in materia di protezione dei dati personali) e del Regolamento UE 2016\/679 (GDPR \u2013 General Data Protection Regulation).\u00a0PHA.SE. s.r.l.,...","og_url":"https:\/\/www.pha-se.it\/en\/privacy-policy\/","og_site_name":"Phase","og_image":[{"width":822,"height":600,"url":"https:\/\/www.pha-se.it\/wp-content\/uploads\/2019\/09\/services-cover-e1570270324847.jpg","type":"image\/jpeg"}],"twitter_card":"summary_large_image","schema":{"@context":"https:\/\/schema.org","@graph":[{"@type":"WebPage","@id":"https:\/\/www.pha-se.it\/en\/privacy-policy\/","url":"https:\/\/www.pha-se.it\/en\/privacy-policy\/","name":"Privacy Policy - Phase","isPartOf":{"@id":"https:\/\/www.pha-se.it\/#website"},"datePublished":"2019-10-20T13:39:13+00:00","breadcrumb":{"@id":"https:\/\/www.pha-se.it\/en\/privacy-policy\/#breadcrumb"},"inLanguage":"en-US","potentialAction":[{"@type":"ReadAction","target":["https:\/\/www.pha-se.it\/en\/privacy-policy\/"]}]},{"@type":"BreadcrumbList","@id":"https:\/\/www.pha-se.it\/en\/privacy-policy\/#breadcrumb","itemListElement":[{"@type":"ListItem","position":1,"name":"Home","item":"https:\/\/www.pha-se.it\/en\/"},{"@type":"ListItem","position":2,"name":"Privacy Policy"}]},{"@type":"WebSite","@id":"https:\/\/www.pha-se.it\/#website","url":"https:\/\/www.pha-se.it\/","name":"Phase","description":"Compliance &amp; Engineering Services","publisher":{"@id":"https:\/\/www.pha-se.it\/#organization"},"alternateName":"Pha-se","potentialAction":[{"@type":"SearchAction","target":{"@type":"EntryPoint","urlTemplate":"https:\/\/www.pha-se.it\/?s={search_term_string}"},"query-input":{"@type":"PropertyValueSpecification","valueRequired":true,"valueName":"search_term_string"}}],"inLanguage":"en-US"},{"@type":"Organization","@id":"https:\/\/www.pha-se.it\/#organization","name":"Pha-se","url":"https:\/\/www.pha-se.it\/","logo":{"@type":"ImageObject","inLanguage":"en-US","@id":"https:\/\/www.pha-se.it\/#\/schema\/logo\/image\/","url":"https:\/\/www.pha-se.it\/wp-content\/uploads\/2024\/02\/logo-phase.png","contentUrl":"https:\/\/www.pha-se.it\/wp-content\/uploads\/2024\/02\/logo-phase.png","width":482,"height":240,"caption":"Pha-se"},"image":{"@id":"https:\/\/www.pha-se.it\/#\/schema\/logo\/image\/"},"sameAs":["https:\/\/www.linkedin.com\/company\/pha-se\/"]}]}},"_links":{"self":[{"href":"https:\/\/www.pha-se.it\/en\/wp-json\/wp\/v2\/pages\/304","targetHints":{"allow":["GET"]}}],"collection":[{"href":"https:\/\/www.pha-se.it\/en\/wp-json\/wp\/v2\/pages"}],"about":[{"href":"https:\/\/www.pha-se.it\/en\/wp-json\/wp\/v2\/types\/page"}],"author":[{"embeddable":true,"href":"https:\/\/www.pha-se.it\/en\/wp-json\/wp\/v2\/users\/1"}],"replies":[{"embeddable":true,"href":"https:\/\/www.pha-se.it\/en\/wp-json\/wp\/v2\/comments?post=304"}],"version-history":[{"count":1,"href":"https:\/\/www.pha-se.it\/en\/wp-json\/wp\/v2\/pages\/304\/revisions"}],"predecessor-version":[{"id":305,"href":"https:\/\/www.pha-se.it\/en\/wp-json\/wp\/v2\/pages\/304\/revisions\/305"}],"wp:attachment":[{"href":"https:\/\/www.pha-se.it\/en\/wp-json\/wp\/v2\/media?parent=304"}],"curies":[{"name":"wp","href":"https:\/\/api.w.org\/{rel}","templated":true}]}}